{"id":1314,"date":"2018-09-15T16:53:16","date_gmt":"2018-09-15T15:53:16","guid":{"rendered":"http:\/\/www.beaugency-plongee.fr\/?page_id=1314"},"modified":"2025-09-28T17:11:19","modified_gmt":"2025-09-28T16:11:19","slug":"formations","status":"publish","type":"page","link":"https:\/\/www.beaugency-plongee.fr\/index.php\/activites\/formations\/","title":{"rendered":"Formations"},"content":{"rendered":"<p><a href=\"https:\/\/www.beaugency-plongee.fr\/wp-content\/uploads\/2016\/03\/IMG_1976.jpg\"><img decoding=\"async\" loading=\"lazy\" class=\"wp-image-710 aligncenter\" src=\"https:\/\/www.beaugency-plongee.fr\/wp-content\/uploads\/2016\/03\/IMG_1976-300x225.jpg\" sizes=\"(max-width: 202px) 100vw, 202px\" srcset=\"https:\/\/www.beaugency-plongee.fr\/wp-content\/uploads\/2016\/03\/IMG_1976-300x225.jpg 300w, https:\/\/www.beaugency-plongee.fr\/wp-content\/uploads\/2016\/03\/IMG_1976-768x576.jpg 768w, https:\/\/www.beaugency-plongee.fr\/wp-content\/uploads\/2016\/03\/IMG_1976.jpg 1024w, https:\/\/www.beaugency-plongee.fr\/wp-content\/uploads\/2016\/03\/IMG_1976-600x450.jpg 600w, https:\/\/www.beaugency-plongee.fr\/wp-content\/uploads\/2016\/03\/IMG_1976-200x150.jpg 200w, https:\/\/www.beaugency-plongee.fr\/wp-content\/uploads\/2016\/03\/IMG_1976-150x113.jpg 150w\" alt=\"IMG_1976\" width=\"202\" height=\"151\" \/><\/a><\/p>\n<p>A chaque rentr\u00e9e est organis\u00e9e une session d&rsquo;apprentissage du niveau I.<\/p>\n<p>Ensuite nous pouvons vous proposer, selon la demande des adh\u00e9rents, le nombre de demandes, les priorit\u00e9s du club et les disponibilit\u00e9s des encadrants:<\/p>\n<ul>\n<li>Formation th\u00e9orique et pratique du Niveau II, Niveau III et\u00a0Niveau IV<\/li>\n<li>Formation th\u00e9orique et pratique Initiateur E1<\/li>\n<\/ul>\n<p>Nous organisons \u00e9galement<\/p>\n<ul>\n<li>Stage secouriste (RIFAP), Nitrox, TIV\u2026<\/li>\n<\/ul>\n<p>A partir du Niveau 2 il est n\u00e9cessaire de s&rsquo;entrainer et pratiquer \u00e0 des profondeurs qui ne sont pas accessibles au centre aquatique de Beaugency.<\/p>\n<p>Nous proposons donc des sorties techniques en milieu naturel le week-end, principalement en carri\u00e8re (La Graule, Beffes ou Roussay), en fosse \u00e0 Montlu\u00e7on (03), et en mer (Bretagne ou m\u00e9diterran\u00e9e)<\/p>\n<p><a href=\"https:\/\/www.beaugency-plongee.fr\/wp-content\/uploads\/2016\/03\/P3210161.jpg\"><img decoding=\"async\" loading=\"lazy\" class=\"alignnone wp-image-699 size-thumbnail\" src=\"https:\/\/www.beaugency-plongee.fr\/wp-content\/uploads\/2016\/03\/P3210161-150x150.jpg\" sizes=\"(max-width: 150px) 100vw, 150px\" srcset=\"https:\/\/www.beaugency-plongee.fr\/wp-content\/uploads\/2016\/03\/P3210161-150x150.jpg 150w, https:\/\/www.beaugency-plongee.fr\/wp-content\/uploads\/2016\/03\/P3210161-144x144.jpg 144w\" alt=\"OLYMPUS DIGITAL CAMERA\" width=\"150\" height=\"150\" \/><\/a> \u00a0 \u00a0 \u00a0 \u00a0\u00a0 <a href=\"https:\/\/www.beaugency-plongee.fr\/wp-content\/uploads\/2016\/03\/P1090030.jpg\"><img decoding=\"async\" loading=\"lazy\" class=\"alignnone wp-image-680 size-thumbnail\" src=\"https:\/\/www.beaugency-plongee.fr\/wp-content\/uploads\/2016\/03\/P1090030-150x150.jpg\" sizes=\"(max-width: 150px) 100vw, 150px\" srcset=\"https:\/\/www.beaugency-plongee.fr\/wp-content\/uploads\/2016\/03\/P1090030-150x150.jpg 150w, https:\/\/www.beaugency-plongee.fr\/wp-content\/uploads\/2016\/03\/P1090030-144x144.jpg 144w\" alt=\"OLYMPUS DIGITAL CAMERA\" width=\"150\" height=\"150\" \/><\/a>\u00a0 \u00a0 \u00a0\u00a0 \u00a0 <a href=\"https:\/\/www.beaugency-plongee.fr\/wp-content\/uploads\/2016\/03\/P4060037.jpg\"><img decoding=\"async\" loading=\"lazy\" class=\"alignnone wp-image-708 size-thumbnail\" src=\"https:\/\/www.beaugency-plongee.fr\/wp-content\/uploads\/2016\/03\/P4060037-150x150.jpg\" sizes=\"(max-width: 150px) 100vw, 150px\" srcset=\"https:\/\/www.beaugency-plongee.fr\/wp-content\/uploads\/2016\/03\/P4060037-150x150.jpg 150w, https:\/\/www.beaugency-plongee.fr\/wp-content\/uploads\/2016\/03\/P4060037-144x144.jpg 144w\" width=\"150\" height=\"150\" \/><\/a>\u00a0 \u00a0 \u00a0 \u00a0 \u00a0\u00a0<a href=\"https:\/\/www.beaugency-plongee.fr\/wp-content\/uploads\/2016\/03\/P4170155.jpg\"><img decoding=\"async\" loading=\"lazy\" class=\"alignnone wp-image-707 size-thumbnail\" src=\"https:\/\/www.beaugency-plongee.fr\/wp-content\/uploads\/2016\/03\/P4170155-150x150.jpg\" sizes=\"(max-width: 150px) 100vw, 150px\" srcset=\"https:\/\/www.beaugency-plongee.fr\/wp-content\/uploads\/2016\/03\/P4170155-150x150.jpg 150w, https:\/\/www.beaugency-plongee.fr\/wp-content\/uploads\/2016\/03\/P4170155-144x144.jpg 144w\" width=\"150\" height=\"150\" \/><\/a><\/p>\n","protected":false},"excerpt":{"rendered":"<p>A chaque rentr\u00e9e est organis\u00e9e une session d&rsquo;apprentissage du niveau I. Ensuite nous pouvons vous proposer, selon la demande des adh\u00e9rents, le nombre de demandes, les priorit\u00e9s du club et les disponibilit\u00e9s des encadrants: Formation th\u00e9orique et pratique du Niveau II, Niveau III et\u00a0Niveau IV Formation th\u00e9orique et pratique Initiateur E1 Nous organisons \u00e9galement Stage&hellip;<\/p>\n","protected":false},"author":3,"featured_media":0,"parent":1310,"menu_order":0,"comment_status":"closed","ping_status":"closed","template":"","meta":[],"_links":{"self":[{"href":"https:\/\/www.beaugency-plongee.fr\/index.php\/wp-json\/wp\/v2\/pages\/1314"}],"collection":[{"href":"https:\/\/www.beaugency-plongee.fr\/index.php\/wp-json\/wp\/v2\/pages"}],"about":[{"href":"https:\/\/www.beaugency-plongee.fr\/index.php\/wp-json\/wp\/v2\/types\/page"}],"author":[{"embeddable":true,"href":"https:\/\/www.beaugency-plongee.fr\/index.php\/wp-json\/wp\/v2\/users\/3"}],"replies":[{"embeddable":true,"href":"https:\/\/www.beaugency-plongee.fr\/index.php\/wp-json\/wp\/v2\/comments?post=1314"}],"version-history":[{"count":12,"href":"https:\/\/www.beaugency-plongee.fr\/index.php\/wp-json\/wp\/v2\/pages\/1314\/revisions"}],"predecessor-version":[{"id":2084,"href":"https:\/\/www.beaugency-plongee.fr\/index.php\/wp-json\/wp\/v2\/pages\/1314\/revisions\/2084"}],"up":[{"embeddable":true,"href":"https:\/\/www.beaugency-plongee.fr\/index.php\/wp-json\/wp\/v2\/pages\/1310"}],"wp:attachment":[{"href":"https:\/\/www.beaugency-plongee.fr\/index.php\/wp-json\/wp\/v2\/media?parent=1314"}],"curies":[{"name":"wp","href":"https:\/\/api.w.org\/{rel}","templated":true}]}}