{"id":1332,"date":"2018-09-15T17:27:27","date_gmt":"2018-09-15T16:27:27","guid":{"rendered":"http:\/\/www.beaugency-plongee.fr\/?page_id=1332"},"modified":"2025-09-28T17:11:57","modified_gmt":"2025-09-28T16:11:57","slug":"nage-en-eaux-vives","status":"publish","type":"page","link":"https:\/\/www.beaugency-plongee.fr\/index.php\/activites\/nage-en-eaux-vives\/","title":{"rendered":"Nage avec palmes"},"content":{"rendered":"\r\n<p><a href=\"https:\/\/www.beaugency-plongee.fr\/wp-content\/uploads\/2016\/03\/DSCN0367.jpg\"><img decoding=\"async\" loading=\"lazy\" class=\"aligncenter wp-image-943\" src=\"https:\/\/www.beaugency-plongee.fr\/wp-content\/uploads\/2016\/03\/DSCN0367-1024x768.jpg\" alt=\"\" width=\"600\" height=\"450\" srcset=\"https:\/\/www.beaugency-plongee.fr\/wp-content\/uploads\/2016\/03\/DSCN0367.jpg 1024w, https:\/\/www.beaugency-plongee.fr\/wp-content\/uploads\/2016\/03\/DSCN0367-300x225.jpg 300w, https:\/\/www.beaugency-plongee.fr\/wp-content\/uploads\/2016\/03\/DSCN0367-768x576.jpg 768w, https:\/\/www.beaugency-plongee.fr\/wp-content\/uploads\/2016\/03\/DSCN0367-600x450.jpg 600w, https:\/\/www.beaugency-plongee.fr\/wp-content\/uploads\/2016\/03\/DSCN0367-200x150.jpg 200w, https:\/\/www.beaugency-plongee.fr\/wp-content\/uploads\/2016\/03\/DSCN0367-150x113.jpg 150w\" sizes=\"(max-width: 600px) 100vw, 600px\" \/><\/a><\/p>\r\n<h1>Entrainement hebdomadaire<\/h1>\r\n<p>A la recherche d&rsquo;un entrainement r\u00e9gulier en piscine ? Une ligne d&rsquo;eau est r\u00e9serv\u00e9e a la nage avec palme. L&rsquo;animation de l&rsquo;activit\u00e9 est assur\u00e9e par un encadrant du club. Bonne humeur garantie et chacun va a son rythme.<\/p>\r\n<h1>Connaissez vous la nage en eau vive ?<\/h1>\r\n<p><a href=\"https:\/\/www.beaugency-plongee.fr\/wp-content\/uploads\/2016\/03\/Descente-de-Loire-2015-0166.jpg\"><img decoding=\"async\" loading=\"lazy\" class=\"aligncenter wp-image-774\" src=\"https:\/\/www.beaugency-plongee.fr\/wp-content\/uploads\/2016\/03\/Descente-de-Loire-2015-0166.jpg\" alt=\"\" width=\"600\" height=\"400\" srcset=\"https:\/\/www.beaugency-plongee.fr\/wp-content\/uploads\/2016\/03\/Descente-de-Loire-2015-0166.jpg 800w, https:\/\/www.beaugency-plongee.fr\/wp-content\/uploads\/2016\/03\/Descente-de-Loire-2015-0166-300x200.jpg 300w, https:\/\/www.beaugency-plongee.fr\/wp-content\/uploads\/2016\/03\/Descente-de-Loire-2015-0166-768x512.jpg 768w, https:\/\/www.beaugency-plongee.fr\/wp-content\/uploads\/2016\/03\/Descente-de-Loire-2015-0166-600x400.jpg 600w, https:\/\/www.beaugency-plongee.fr\/wp-content\/uploads\/2016\/03\/Descente-de-Loire-2015-0166-225x150.jpg 225w, https:\/\/www.beaugency-plongee.fr\/wp-content\/uploads\/2016\/03\/Descente-de-Loire-2015-0166-150x100.jpg 150w\" sizes=\"(max-width: 600px) 100vw, 600px\" \/><\/a><\/p>\r\n<p>La <em><strong>Nage en Eau Vive<\/strong><\/em> consiste \u00e0 descendre les torrents et rivi\u00e8res \u00e0 la nage, \u00e9quip\u00e9 d\u2019une combinaison n\u00e9opr\u00e8ne, d\u2019un casque, d\u2019un gilet et d\u2019un flotteur (planche d&rsquo;eau vive) en se propulsant et dirigeant \u00e0 l&rsquo;aide de palmes.<\/p>\r\n<p>Sport de glisse \u00e0 part enti\u00e8re, la Nage en Eau Vive est en lien tr\u00e8s \u00e9troit avec la nature. \u00c7a tombe bien le dernier \u00ab fleuve sauvage \u00bb d\u2019Europe passe sous nos fen\u00eatres.<\/p>\r\n<p>Quelques-uns d\u2019entre nous profitent le dimanche matin des paysages qu\u2019offre la Loire et ils leur arrive m\u00eame de se r\u00e9unir pour \u00ab\u00a0shaper\u00a0\u00bb des flotteurs&#8230;<\/p>\r\n<p>Le club organise \u00e9galement l&rsquo;\u00e9tape Meung\/Beaugency de la comp\u00e9tition troph\u00e9e des rois en janvier.<\/p>\r\n<p>Alors, partants? Rassurez vous, m\u00eame en janvier dans une eau avoisinant les 6 degr\u00e9s, il ne faut pas attendre longtemps pour avoir bien chaud dans une combinaison ad\u00e9quate.<\/p>\r\n","protected":false},"excerpt":{"rendered":"<p>Entrainement hebdomadaire A la recherche d&rsquo;un entrainement r\u00e9gulier en piscine ? Une ligne d&rsquo;eau est r\u00e9serv\u00e9e a la nage avec palme. L&rsquo;animation de l&rsquo;activit\u00e9 est assur\u00e9e par un encadrant du club. Bonne humeur garantie et chacun va a son rythme. Connaissez vous la nage en eau vive ? La Nage en Eau Vive consiste \u00e0&hellip;<\/p>\n","protected":false},"author":3,"featured_media":0,"parent":1310,"menu_order":0,"comment_status":"closed","ping_status":"closed","template":"","meta":[],"_links":{"self":[{"href":"https:\/\/www.beaugency-plongee.fr\/index.php\/wp-json\/wp\/v2\/pages\/1332"}],"collection":[{"href":"https:\/\/www.beaugency-plongee.fr\/index.php\/wp-json\/wp\/v2\/pages"}],"about":[{"href":"https:\/\/www.beaugency-plongee.fr\/index.php\/wp-json\/wp\/v2\/types\/page"}],"author":[{"embeddable":true,"href":"https:\/\/www.beaugency-plongee.fr\/index.php\/wp-json\/wp\/v2\/users\/3"}],"replies":[{"embeddable":true,"href":"https:\/\/www.beaugency-plongee.fr\/index.php\/wp-json\/wp\/v2\/comments?post=1332"}],"version-history":[{"count":19,"href":"https:\/\/www.beaugency-plongee.fr\/index.php\/wp-json\/wp\/v2\/pages\/1332\/revisions"}],"predecessor-version":[{"id":2085,"href":"https:\/\/www.beaugency-plongee.fr\/index.php\/wp-json\/wp\/v2\/pages\/1332\/revisions\/2085"}],"up":[{"embeddable":true,"href":"https:\/\/www.beaugency-plongee.fr\/index.php\/wp-json\/wp\/v2\/pages\/1310"}],"wp:attachment":[{"href":"https:\/\/www.beaugency-plongee.fr\/index.php\/wp-json\/wp\/v2\/media?parent=1332"}],"curies":[{"name":"wp","href":"https:\/\/api.w.org\/{rel}","templated":true}]}}