{"id":1349,"date":"2018-09-15T17:46:25","date_gmt":"2018-09-15T16:46:25","guid":{"rendered":"http:\/\/www.beaugency-plongee.fr\/?page_id=1349"},"modified":"2023-02-11T16:02:01","modified_gmt":"2023-02-11T15:02:01","slug":"handisport","status":"publish","type":"page","link":"https:\/\/www.beaugency-plongee.fr\/index.php\/activites\/handisport\/","title":{"rendered":"Handisub"},"content":{"rendered":"<p style=\"text-align: center;\"><a href=\"https:\/\/www.beaugency-plongee.fr\/wp-content\/uploads\/2017\/12\/ludo2017frontpict.jpeg\"><img decoding=\"async\" loading=\"lazy\" class=\"alignnone size-medium wp-image-1147\" src=\"https:\/\/www.beaugency-plongee.fr\/wp-content\/uploads\/2017\/12\/ludo2017frontpict-300x220.jpeg\" alt=\"\" width=\"300\" height=\"220\" srcset=\"https:\/\/www.beaugency-plongee.fr\/wp-content\/uploads\/2017\/12\/ludo2017frontpict-300x220.jpeg 300w, https:\/\/www.beaugency-plongee.fr\/wp-content\/uploads\/2017\/12\/ludo2017frontpict-768x562.jpeg 768w, https:\/\/www.beaugency-plongee.fr\/wp-content\/uploads\/2017\/12\/ludo2017frontpict-600x439.jpeg 600w, https:\/\/www.beaugency-plongee.fr\/wp-content\/uploads\/2017\/12\/ludo2017frontpict-150x110.jpeg 150w, https:\/\/www.beaugency-plongee.fr\/wp-content\/uploads\/2017\/12\/ludo2017frontpict.jpeg 781w\" sizes=\"(max-width: 300px) 100vw, 300px\" \/><\/a><\/p>\n<p>Depuis 2013, le club a \u00e9tendu son activit\u00e9 aux personnes en situation de handicap. Cette d\u00e9marche a aid\u00e9 \u00e0 gommer les diff\u00e9rences et le regard port\u00e9 sur le handicap.<\/p>\n<p>Notre association s&rsquo;est fait remettre le label \u00ab Sport et Handicap \u00bb, \u00e0 la Maison des sports du Loiret. Nous sommes tr\u00e8s fiers d&rsquo;avoir obtenue cette distinction !<br \/>\n<a href=\"http:\/\/www.larep.fr\/beaugency\/loisirs\/fetes-sorties\/2017\/03\/23\/le-club-beaugency-plongee-couronne-du-label-sport-et-handicap_12333466.html\" target=\"_blank\" rel=\"noreferrer noopener\">Voici l&rsquo;article de la R\u00e9publique du Centre.<\/a><\/p>\n<p>La plong\u00e9e sous-marine aide beaucoup \u00e0 l&rsquo;\u00e9panouissement des personnes en situation de handicape.<\/p>\n<p>Une \u00e9quipe d&rsquo;encadrants a \u00e9t\u00e9 sp\u00e9cialement form\u00e9e pour prendre en charge la section Handi de notre club.<\/p>\n<p><iframe loading=\"lazy\" title=\"Beaugency : handisub, la section plong\u00e9e pour handicap\u00e9s du centre aquatique\" width=\"1170\" height=\"658\" src=\"https:\/\/www.youtube.com\/embed\/NxANTm6Mhio?feature=oembed\" frameborder=\"0\" allow=\"accelerometer; autoplay; clipboard-write; encrypted-media; gyroscope; picture-in-picture; web-share\" allowfullscreen><\/iframe><\/p>\n","protected":false},"excerpt":{"rendered":"<p>Depuis 2013, le club a \u00e9tendu son activit\u00e9 aux personnes en situation de handicap. Cette d\u00e9marche a aid\u00e9 \u00e0 gommer les diff\u00e9rences et le regard port\u00e9 sur le handicap. Notre association s&rsquo;est fait remettre le label \u00ab Sport et Handicap \u00bb, \u00e0 la Maison des sports du Loiret. Nous sommes tr\u00e8s fiers d&rsquo;avoir obtenue cette&hellip;<\/p>\n","protected":false},"author":3,"featured_media":0,"parent":1310,"menu_order":0,"comment_status":"closed","ping_status":"closed","template":"","meta":[],"_links":{"self":[{"href":"https:\/\/www.beaugency-plongee.fr\/index.php\/wp-json\/wp\/v2\/pages\/1349"}],"collection":[{"href":"https:\/\/www.beaugency-plongee.fr\/index.php\/wp-json\/wp\/v2\/pages"}],"about":[{"href":"https:\/\/www.beaugency-plongee.fr\/index.php\/wp-json\/wp\/v2\/types\/page"}],"author":[{"embeddable":true,"href":"https:\/\/www.beaugency-plongee.fr\/index.php\/wp-json\/wp\/v2\/users\/3"}],"replies":[{"embeddable":true,"href":"https:\/\/www.beaugency-plongee.fr\/index.php\/wp-json\/wp\/v2\/comments?post=1349"}],"version-history":[{"count":12,"href":"https:\/\/www.beaugency-plongee.fr\/index.php\/wp-json\/wp\/v2\/pages\/1349\/revisions"}],"predecessor-version":[{"id":1763,"href":"https:\/\/www.beaugency-plongee.fr\/index.php\/wp-json\/wp\/v2\/pages\/1349\/revisions\/1763"}],"up":[{"embeddable":true,"href":"https:\/\/www.beaugency-plongee.fr\/index.php\/wp-json\/wp\/v2\/pages\/1310"}],"wp:attachment":[{"href":"https:\/\/www.beaugency-plongee.fr\/index.php\/wp-json\/wp\/v2\/media?parent=1349"}],"curies":[{"name":"wp","href":"https:\/\/api.w.org\/{rel}","templated":true}]}}