{"id":1568,"date":"2022-10-14T15:52:21","date_gmt":"2022-10-14T14:52:21","guid":{"rendered":"http:\/\/www.beaugency-plongee.fr\/?page_id=1568"},"modified":"2025-09-28T17:08:32","modified_gmt":"2025-09-28T16:08:32","slug":"plongee-scaphandre","status":"publish","type":"page","link":"https:\/\/www.beaugency-plongee.fr\/index.php\/activites\/plongee-scaphandre\/","title":{"rendered":"Plong\u00e9e scaphandre"},"content":{"rendered":"<p style=\"text-align: center;\"><a href=\"https:\/\/www.beaugency-plongee.fr\/wp-content\/uploads\/2016\/03\/Corail.jpg\"><img decoding=\"async\" loading=\"lazy\" class=\"wp-image-32 aligncenter\" src=\"https:\/\/www.beaugency-plongee.fr\/wp-content\/uploads\/2016\/03\/Corail-300x225.jpg\" alt=\"\" width=\"355\" height=\"266\" srcset=\"https:\/\/www.beaugency-plongee.fr\/wp-content\/uploads\/2016\/03\/Corail-300x225.jpg 300w, https:\/\/www.beaugency-plongee.fr\/wp-content\/uploads\/2016\/03\/Corail-768x576.jpg 768w, https:\/\/www.beaugency-plongee.fr\/wp-content\/uploads\/2016\/03\/Corail-1024x768.jpg 1024w, https:\/\/www.beaugency-plongee.fr\/wp-content\/uploads\/2016\/03\/Corail.jpg 2048w\" sizes=\"(max-width: 355px) 100vw, 355px\" \/><\/a><\/p>\n<p>L&rsquo;activit\u00e9 principale de notre club est la plong\u00e9e scaphandre, accessible \u00e0 partir de 12 ans et ouvert aux personnes en situation de handicap gr\u00e2ce \u00e0 notre section <a href=\"https:\/\/www.beaugency-plongee.fr\/index.php\/handisport\/\">Handisub<\/a>.<\/p>\n<p>Afin de d\u00e9couvrir cette pratique nous organisons toute l&rsquo;ann\u00e9e des Bapt\u00eames. Si vous \u00eates int\u00e9ress\u00e9s merci de prendre contact via la rubrique d\u00e9di\u00e9e pour que nous puissions l&rsquo;organiser au mieux.<\/p>\n<p>D&rsquo;autres activit\u00e9s f\u00e9d\u00e9rales sont propos\u00e9es par le club dont l&rsquo;apn\u00e9e et la nage avec palmes.<\/p>\n<p>Suite \u00e0 un bapt\u00eame les adh\u00e9rents peuvent entrer dans un cursus de formation.<\/p>\n<p>L\u2019acc\u00e8s au cursus de formation est conditionn\u00e9 a l&rsquo;obtention d&rsquo;un certificat d&rsquo;absence de contre indication (CACI) pour la pratique de la plong\u00e9e, un mod\u00e8le est disponible sur le site de la ffessm: https:\/\/plongee.ffessm.fr\/certificat-medical-caci, il peut \u00eatre d\u00e9livr\u00e9 par un m\u00e9decin g\u00e9n\u00e9raliste ou par un m\u00e9decin du sport dans certaines situations.<\/p>\n<p>Tout au long de l&rsquo;ann\u00e9e, diff\u00e9rentes sorties sont organis\u00e9es pour permettre de mettre en pratique les comp\u00e9tences acquises en piscine.<\/p>\n<p><a href=\"https:\/\/www.beaugency-plongee.fr\/wp-content\/uploads\/2022\/10\/GOPR7907.jpg\"><img decoding=\"async\" loading=\"lazy\" class=\"size-medium wp-image-1618 aligncenter\" src=\"https:\/\/www.beaugency-plongee.fr\/wp-content\/uploads\/2022\/10\/GOPR7907-300x225.jpg\" alt=\"\" width=\"300\" height=\"225\" srcset=\"https:\/\/www.beaugency-plongee.fr\/wp-content\/uploads\/2022\/10\/GOPR7907-300x225.jpg 300w, https:\/\/www.beaugency-plongee.fr\/wp-content\/uploads\/2022\/10\/GOPR7907-768x576.jpg 768w, https:\/\/www.beaugency-plongee.fr\/wp-content\/uploads\/2022\/10\/GOPR7907-1024x768.jpg 1024w, https:\/\/www.beaugency-plongee.fr\/wp-content\/uploads\/2022\/10\/GOPR7907-600x450.jpg 600w, https:\/\/www.beaugency-plongee.fr\/wp-content\/uploads\/2022\/10\/GOPR7907-120x90.jpg 120w\" sizes=\"(max-width: 300px) 100vw, 300px\" \/><\/a><a href=\"https:\/\/www.beaugency-plongee.fr\/wp-content\/uploads\/2016\/03\/P4030085.jpg\"><img decoding=\"async\" loading=\"lazy\" class=\"size-medium wp-image-683 aligncenter\" src=\"https:\/\/www.beaugency-plongee.fr\/wp-content\/uploads\/2016\/03\/P4030085-300x225.jpg\" alt=\"\" width=\"300\" height=\"225\" srcset=\"https:\/\/www.beaugency-plongee.fr\/wp-content\/uploads\/2016\/03\/P4030085-300x225.jpg 300w, https:\/\/www.beaugency-plongee.fr\/wp-content\/uploads\/2016\/03\/P4030085-768x576.jpg 768w, https:\/\/www.beaugency-plongee.fr\/wp-content\/uploads\/2016\/03\/P4030085-1024x768.jpg 1024w, https:\/\/www.beaugency-plongee.fr\/wp-content\/uploads\/2016\/03\/P4030085-600x450.jpg 600w, https:\/\/www.beaugency-plongee.fr\/wp-content\/uploads\/2016\/03\/P4030085-200x150.jpg 200w, https:\/\/www.beaugency-plongee.fr\/wp-content\/uploads\/2016\/03\/P4030085-150x113.jpg 150w, https:\/\/www.beaugency-plongee.fr\/wp-content\/uploads\/2016\/03\/P4030085.jpg 1600w\" sizes=\"(max-width: 300px) 100vw, 300px\" \/><\/a><\/p>\n","protected":false},"excerpt":{"rendered":"<p>L&rsquo;activit\u00e9 principale de notre club est la plong\u00e9e scaphandre, accessible \u00e0 partir de 12 ans et ouvert aux personnes en situation de handicap gr\u00e2ce \u00e0 notre section Handisub. Afin de d\u00e9couvrir cette pratique nous organisons toute l&rsquo;ann\u00e9e des Bapt\u00eames. Si vous \u00eates int\u00e9ress\u00e9s merci de prendre contact via la rubrique d\u00e9di\u00e9e pour que nous puissions&hellip;<\/p>\n","protected":false},"author":14,"featured_media":0,"parent":1310,"menu_order":0,"comment_status":"closed","ping_status":"closed","template":"","meta":[],"_links":{"self":[{"href":"https:\/\/www.beaugency-plongee.fr\/index.php\/wp-json\/wp\/v2\/pages\/1568"}],"collection":[{"href":"https:\/\/www.beaugency-plongee.fr\/index.php\/wp-json\/wp\/v2\/pages"}],"about":[{"href":"https:\/\/www.beaugency-plongee.fr\/index.php\/wp-json\/wp\/v2\/types\/page"}],"author":[{"embeddable":true,"href":"https:\/\/www.beaugency-plongee.fr\/index.php\/wp-json\/wp\/v2\/users\/14"}],"replies":[{"embeddable":true,"href":"https:\/\/www.beaugency-plongee.fr\/index.php\/wp-json\/wp\/v2\/comments?post=1568"}],"version-history":[{"count":15,"href":"https:\/\/www.beaugency-plongee.fr\/index.php\/wp-json\/wp\/v2\/pages\/1568\/revisions"}],"predecessor-version":[{"id":2083,"href":"https:\/\/www.beaugency-plongee.fr\/index.php\/wp-json\/wp\/v2\/pages\/1568\/revisions\/2083"}],"up":[{"embeddable":true,"href":"https:\/\/www.beaugency-plongee.fr\/index.php\/wp-json\/wp\/v2\/pages\/1310"}],"wp:attachment":[{"href":"https:\/\/www.beaugency-plongee.fr\/index.php\/wp-json\/wp\/v2\/media?parent=1568"}],"curies":[{"name":"wp","href":"https:\/\/api.w.org\/{rel}","templated":true}]}}