{"id":25,"date":"2016-03-12T11:05:50","date_gmt":"2016-03-12T10:05:50","guid":{"rendered":"http:\/\/www.beaugency-plongee.fr\/?page_id=25"},"modified":"2026-03-02T23:04:33","modified_gmt":"2026-03-02T22:04:33","slug":"le-comite-directeur","status":"publish","type":"page","link":"https:\/\/www.beaugency-plongee.fr\/index.php\/le-club\/le-comite-directeur\/","title":{"rendered":"Le comit\u00e9 directeur"},"content":{"rendered":"<p class=\"_2cuy _3dgx _2vxa\">Chaque ann\u00e9e, en fin de saison est organis\u00e9e l&rsquo;Assembl\u00e9e G\u00e9n\u00e9rale du club. Au cours de cette r\u00e9union, est \u00e9lu le comit\u00e9 directeur pour la saison suivante afin de lui permettre de b\u00e9n\u00e9ficier de la p\u00e9riode estivale pour pr\u00e9parer la saison \u00e0 venir.<\/p>\n<p class=\"_2cuy _3dgx _2vxa\">La derni\u00e8re assembl\u00e9e g\u00e9n\u00e9rale du club s\u2019est tenue le 5 Juillet 2025. Les diff\u00e9rents rapports financier et moral sur l&rsquo;ann\u00e9e \u00e9coul\u00e9e ont \u00e9t\u00e9 adopt\u00e9s. l\u2019AG a ent\u00e9rin\u00e9 la d\u00e9mission du bureau sortant et a proc\u00e9d\u00e9 \u00e0 l\u2019\u00e9lection du nouveau bureau. Merci \u00e0 eux pour le travail accompli.<\/p>\n<div class=\"_2cuy _3dgx _2vxa\">Le comit\u00e9 directeur \u00e9lu est constitu\u00e9 de :<\/div>\n<ul>\n<li>Pr\u00e9sident et Directeur Technique : Mickael Menut jusqu&rsquo;en janvier 2026 puis Cyril Colas<\/li>\n<li>Secr\u00e9taire : Sylvie Menut, Virginie Boutet<\/li>\n<li>Tr\u00e9sori\u00e8re : Sylvie Duterte<\/li>\n<li>Mat\u00e9riel : St\u00e9phane Duterte<\/li>\n<li>Relations Publiques : Cyril Colas<\/li>\n<li>Festivit\u00e9s : Yannick Boireau<\/li>\n<li>Sorties : Fabien Theillay<\/li>\n<\/ul>\n<div>\n<p class=\"_2cuy _3dgx _2vxa\">Suite au d\u00e9c\u00e8s de Micka\u00ebl en janvier 2026, le bureau se r\u00e9organise. Cyril Colas remplace Micka\u00ebl en tant que Pr\u00e9sident et Jeremy Boissay l&rsquo;assiste en tant que Directeur technique. Toutes nos pens\u00e9es vont \u00e0 la famille et aux proches de Micka\u00ebl.<\/p>\n<\/div>\n<div>\n<p class=\"_2cuy _3dgx _2vxa\">Rendez-vous en juin 2026 pour la prochaine AG.<\/p>\n<\/div>\n<div>\n<p>&nbsp;<\/p>\n<\/div>\n","protected":false},"excerpt":{"rendered":"<p>Chaque ann\u00e9e, en fin de saison est organis\u00e9e l&rsquo;Assembl\u00e9e G\u00e9n\u00e9rale du club. Au cours de cette r\u00e9union, est \u00e9lu le comit\u00e9 directeur pour la saison suivante afin de lui permettre de b\u00e9n\u00e9ficier de la p\u00e9riode estivale pour pr\u00e9parer la saison \u00e0 venir. La derni\u00e8re assembl\u00e9e g\u00e9n\u00e9rale du club s\u2019est tenue le 5 Juillet 2025. Les&hellip;<\/p>\n","protected":false},"author":3,"featured_media":0,"parent":21,"menu_order":1,"comment_status":"closed","ping_status":"closed","template":"","meta":[],"_links":{"self":[{"href":"https:\/\/www.beaugency-plongee.fr\/index.php\/wp-json\/wp\/v2\/pages\/25"}],"collection":[{"href":"https:\/\/www.beaugency-plongee.fr\/index.php\/wp-json\/wp\/v2\/pages"}],"about":[{"href":"https:\/\/www.beaugency-plongee.fr\/index.php\/wp-json\/wp\/v2\/types\/page"}],"author":[{"embeddable":true,"href":"https:\/\/www.beaugency-plongee.fr\/index.php\/wp-json\/wp\/v2\/users\/3"}],"replies":[{"embeddable":true,"href":"https:\/\/www.beaugency-plongee.fr\/index.php\/wp-json\/wp\/v2\/comments?post=25"}],"version-history":[{"count":48,"href":"https:\/\/www.beaugency-plongee.fr\/index.php\/wp-json\/wp\/v2\/pages\/25\/revisions"}],"predecessor-version":[{"id":2161,"href":"https:\/\/www.beaugency-plongee.fr\/index.php\/wp-json\/wp\/v2\/pages\/25\/revisions\/2161"}],"up":[{"embeddable":true,"href":"https:\/\/www.beaugency-plongee.fr\/index.php\/wp-json\/wp\/v2\/pages\/21"}],"wp:attachment":[{"href":"https:\/\/www.beaugency-plongee.fr\/index.php\/wp-json\/wp\/v2\/media?parent=25"}],"curies":[{"name":"wp","href":"https:\/\/api.w.org\/{rel}","templated":true}]}}